{"id":920,"date":"2025-07-31T16:30:41","date_gmt":"2025-07-31T16:30:41","guid":{"rendered":"https:\/\/fluxagence.com\/a-propos-de-nous\/"},"modified":"2025-08-23T00:04:52","modified_gmt":"2025-08-23T00:04:52","slug":"a-propos-de-nous","status":"publish","type":"page","link":"https:\/\/fluxagence.com\/fr\/a-propos-de-nous\/","title":{"rendered":"\u00c0 propos de nous"},"content":{"rendered":"\t\t<div data-elementor-type=\"wp-page\" data-elementor-id=\"920\" class=\"elementor elementor-920 elementor-91\">\n\t\t\t\t\t\t<section class=\"elementor-section elementor-top-section elementor-element elementor-element-5a43634d elementor-reverse-mobile elementor-section-boxed elementor-section-height-default elementor-section-height-default\" data-id=\"5a43634d\" data-element_type=\"section\" data-settings=\"{&quot;background_background&quot;:&quot;gradient&quot;}\">\n\t\t\t\t\t\t<div class=\"elementor-container elementor-column-gap-default\">\n\t\t\t\t\t<div class=\"elementor-column elementor-col-50 elementor-top-column elementor-element elementor-element-3fab600d\" data-id=\"3fab600d\" data-element_type=\"column\">\n\t\t\t<div class=\"elementor-widget-wrap elementor-element-populated\">\n\t\t\t\t\t\t<div class=\"elementor-element elementor-element-710c4038 elementor-widget elementor-widget-heading\" data-id=\"710c4038\" data-element_type=\"widget\" data-widget_type=\"heading.default\">\n\t\t\t\t\t<h1 class=\"elementor-heading-title elementor-size-default\">Qui sommes-nous ?<\/h1>\t\t\t\t<\/div>\n\t\t\t\t<div class=\"elementor-element elementor-element-43fe74bd elementor-widget__width-initial elementor-widget-tablet__width-initial elementor-widget-mobile__width-initial elementor-absolute elementor-widget elementor-widget-image\" data-id=\"43fe74bd\" data-element_type=\"widget\" data-settings=\"{&quot;_position&quot;:&quot;absolute&quot;}\" data-widget_type=\"image.default\">\n\t\t\t\t\t\t\t\t\t\t\t\t\t\t\t<img fetchpriority=\"high\" decoding=\"async\" width=\"800\" height=\"800\" src=\"https:\/\/fluxagence.com\/wp-content\/uploads\/2025\/07\/1-1024x1024.png\" class=\"attachment-large size-large wp-image-329\" alt=\"\" srcset=\"https:\/\/fluxagence.com\/wp-content\/uploads\/2025\/07\/1-1024x1024.png 1024w, https:\/\/fluxagence.com\/wp-content\/uploads\/2025\/07\/1-300x300.png 300w, https:\/\/fluxagence.com\/wp-content\/uploads\/2025\/07\/1-150x150.png 150w, https:\/\/fluxagence.com\/wp-content\/uploads\/2025\/07\/1-768x768.png 768w, https:\/\/fluxagence.com\/wp-content\/uploads\/2025\/07\/1-1536x1536.png 1536w, https:\/\/fluxagence.com\/wp-content\/uploads\/2025\/07\/1.png 1888w\" sizes=\"(max-width: 800px) 100vw, 800px\" \/>\t\t\t\t\t\t\t\t\t\t\t\t\t\t\t<\/div>\n\t\t\t\t<div class=\"elementor-element elementor-element-7874cca elementor-widget__width-initial elementor-absolute elementor-widget elementor-widget-image\" data-id=\"7874cca\" data-element_type=\"widget\" data-settings=\"{&quot;_position&quot;:&quot;absolute&quot;}\" data-widget_type=\"image.default\">\n\t\t\t\t\t\t\t\t\t\t\t\t\t\t\t<img fetchpriority=\"high\" decoding=\"async\" width=\"800\" height=\"800\" src=\"https:\/\/fluxagence.com\/wp-content\/uploads\/2025\/07\/1-1024x1024.png\" class=\"attachment-large size-large wp-image-329\" alt=\"\" srcset=\"https:\/\/fluxagence.com\/wp-content\/uploads\/2025\/07\/1-1024x1024.png 1024w, https:\/\/fluxagence.com\/wp-content\/uploads\/2025\/07\/1-300x300.png 300w, https:\/\/fluxagence.com\/wp-content\/uploads\/2025\/07\/1-150x150.png 150w, https:\/\/fluxagence.com\/wp-content\/uploads\/2025\/07\/1-768x768.png 768w, https:\/\/fluxagence.com\/wp-content\/uploads\/2025\/07\/1-1536x1536.png 1536w, https:\/\/fluxagence.com\/wp-content\/uploads\/2025\/07\/1.png 1888w\" sizes=\"(max-width: 800px) 100vw, 800px\" \/>\t\t\t\t\t\t\t\t\t\t\t\t\t\t\t<\/div>\n\t\t\t\t<div class=\"elementor-element elementor-element-7e0af113 elementor-widget__width-initial elementor-absolute elementor-widget elementor-widget-image\" data-id=\"7e0af113\" data-element_type=\"widget\" data-settings=\"{&quot;_position&quot;:&quot;absolute&quot;}\" data-widget_type=\"image.default\">\n\t\t\t\t\t\t\t\t\t\t\t\t\t\t\t<img fetchpriority=\"high\" decoding=\"async\" width=\"800\" height=\"800\" src=\"https:\/\/fluxagence.com\/wp-content\/uploads\/2025\/07\/1-1024x1024.png\" class=\"attachment-large size-large wp-image-329\" alt=\"\" srcset=\"https:\/\/fluxagence.com\/wp-content\/uploads\/2025\/07\/1-1024x1024.png 1024w, https:\/\/fluxagence.com\/wp-content\/uploads\/2025\/07\/1-300x300.png 300w, https:\/\/fluxagence.com\/wp-content\/uploads\/2025\/07\/1-150x150.png 150w, https:\/\/fluxagence.com\/wp-content\/uploads\/2025\/07\/1-768x768.png 768w, https:\/\/fluxagence.com\/wp-content\/uploads\/2025\/07\/1-1536x1536.png 1536w, https:\/\/fluxagence.com\/wp-content\/uploads\/2025\/07\/1.png 1888w\" sizes=\"(max-width: 800px) 100vw, 800px\" \/>\t\t\t\t\t\t\t\t\t\t\t\t\t\t\t<\/div>\n\t\t\t\t\t<\/div>\n\t\t<\/div>\n\t\t\t\t<div class=\"elementor-column elementor-col-50 elementor-top-column elementor-element elementor-element-8dd2e9f\" data-id=\"8dd2e9f\" data-element_type=\"column\">\n\t\t\t<div class=\"elementor-widget-wrap elementor-element-populated\">\n\t\t\t\t\t\t<div class=\"elementor-element elementor-element-39a0267b elementor-widget elementor-widget-image\" data-id=\"39a0267b\" data-element_type=\"widget\" data-widget_type=\"image.default\">\n\t\t\t\t\t\t\t\t\t\t\t\t\t\t\t<img decoding=\"async\" width=\"1192\" height=\"611\" src=\"https:\/\/fluxagence.com\/wp-content\/uploads\/2025\/07\/x_Browser_04-1.png\" class=\"attachment-full size-full wp-image-437\" alt=\"\" srcset=\"https:\/\/fluxagence.com\/wp-content\/uploads\/2025\/07\/x_Browser_04-1.png 1192w, https:\/\/fluxagence.com\/wp-content\/uploads\/2025\/07\/x_Browser_04-1-300x154.png 300w, https:\/\/fluxagence.com\/wp-content\/uploads\/2025\/07\/x_Browser_04-1-1024x525.png 1024w, https:\/\/fluxagence.com\/wp-content\/uploads\/2025\/07\/x_Browser_04-1-768x394.png 768w\" sizes=\"(max-width: 1192px) 100vw, 1192px\" \/>\t\t\t\t\t\t\t\t\t\t\t\t\t\t\t<\/div>\n\t\t\t\t\t<\/div>\n\t\t<\/div>\n\t\t\t\t\t<\/div>\n\t\t<\/section>\n\t\t\t\t<section class=\"elementor-section elementor-top-section elementor-element elementor-element-13ef6dba elementor-section-boxed elementor-section-height-default elementor-section-height-default\" data-id=\"13ef6dba\" data-element_type=\"section\">\n\t\t\t\t\t\t<div class=\"elementor-container elementor-column-gap-default\">\n\t\t\t\t\t<div class=\"elementor-column elementor-col-100 elementor-top-column elementor-element elementor-element-7300f991\" data-id=\"7300f991\" data-element_type=\"column\">\n\t\t\t<div class=\"elementor-widget-wrap elementor-element-populated\">\n\t\t\t\t\t\t<div class=\"elementor-element elementor-element-757f74d7 elementor-widget elementor-widget-heading\" data-id=\"757f74d7\" data-element_type=\"widget\" data-widget_type=\"heading.default\">\n\t\t\t\t\t<h2 class=\"elementor-heading-title elementor-size-default\">Notre histoire en bref<\/h2>\t\t\t\t<\/div>\n\t\t\t\t<div class=\"elementor-element elementor-element-1f2db790 elementor-widget elementor-widget-text-editor\" data-id=\"1f2db790\" data-element_type=\"widget\" data-widget_type=\"text-editor.default\">\n\t\t\t\t\t\t\t\t\t<p data-start=\"253\" data-end=\"420\">Notre voyage, qui a commenc\u00e9 dans le secteur du tourisme en 1999, s&rsquo;est poursuivi dans le secteur du logiciel \u00e0 partir de 2015. Aujourd&rsquo;hui, nous op\u00e9rons avec nos entreprises dans 4 pays diff\u00e9rents. <\/p><p data-start=\"422\" data-end=\"697\">Bien qu&rsquo;il y ait eu certaines limitations dans les ann\u00e9es o\u00f9 les technologies d&rsquo;intelligence artificielle n&rsquo;\u00e9taient pas d\u00e9velopp\u00e9es, le secteur a connu des avanc\u00e9es majeures gr\u00e2ce aux services qui sont devenus populaires en 2025. Surfant sur cette vague d&rsquo;opportunit\u00e9s, nous avons combin\u00e9 nos ann\u00e9es d&rsquo;exp\u00e9rience et notre expertise technique pour cr\u00e9er <strong data-start=\"653\" data-end=\"695\">l&rsquo;Agence Flux en \u00ab juin 2025 \u00bb<\/strong>. <\/p><p data-start=\"699\" data-end=\"837\">Alors qu&rsquo;initialement nous ne proposions nos services qu&rsquo;en turc, face \u00e0 la demande croissante, nous avons commenc\u00e9 \u00e0 offrir nos services <strong data-start=\"775\" data-end=\"810\">en 4 langues d\u00e8s ao\u00fbt 2025<\/strong>.<\/p><p data-start=\"699\" data-end=\"837\">Depuis notre cr\u00e9ation, soit en <strong data-start=\"824\" data-end=\"851\">3 mois environ<\/strong>, <strong data-start=\"853\" data-end=\"965\">nous avons r\u00e9alis\u00e9 avec succ\u00e8s plus de 2 millions d&rsquo;op\u00e9rations automatis\u00e9es via nos serveurs s\u00e9curis\u00e9s au Royaume-Uni.<\/strong> Notre taux d&rsquo;erreur n&rsquo;est que de <strong data-start=\"1017\" data-end=\"1025\">0,1 %<\/strong> sur l&rsquo;ensemble des op\u00e9rations effectu\u00e9es ; c&rsquo;est-\u00e0-dire que seule une infime partie des centaines de milliers d&rsquo;op\u00e9rations a \u00e9t\u00e9 enregistr\u00e9e comme erron\u00e9e. Cela t\u00e9moigne de l&rsquo;importance que nous accordons \u00e0 la qualit\u00e9 et de nos efforts constants d&rsquo;am\u00e9lioration. Notre objectif est de continuer avec la m\u00eame rigueur pour am\u00e9liorer davantage notre qualit\u00e9 et offrir des solutions fiables \u00e0 nos clients.  <\/p>\t\t\t\t\t\t\t\t<\/div>\n\t\t\t\t\t<\/div>\n\t\t<\/div>\n\t\t\t\t\t<\/div>\n\t\t<\/section>\n\t\t\t\t<section class=\"elementor-section elementor-top-section elementor-element elementor-element-1834f42 elementor-section-boxed elementor-section-height-default elementor-section-height-default\" data-id=\"1834f42\" data-element_type=\"section\">\n\t\t\t\t\t\t<div class=\"elementor-container elementor-column-gap-default\">\n\t\t\t\t\t<div class=\"elementor-column elementor-col-100 elementor-top-column elementor-element elementor-element-d65b98c\" data-id=\"d65b98c\" data-element_type=\"column\">\n\t\t\t<div class=\"elementor-widget-wrap elementor-element-populated\">\n\t\t\t\t\t\t<div class=\"elementor-element elementor-element-e08f425 elementor-widget elementor-widget-heading\" data-id=\"e08f425\" data-element_type=\"widget\" data-widget_type=\"heading.default\">\n\t\t\t\t\t<h2 class=\"elementor-heading-title elementor-size-default\">Pourquoi travailler avec nous ?<\/h2>\t\t\t\t<\/div>\n\t\t\t\t<div class=\"elementor-element elementor-element-20d84a2 elementor-widget elementor-widget-text-editor\" data-id=\"20d84a2\" data-element_type=\"widget\" data-widget_type=\"text-editor.default\">\n\t\t\t\t\t\t\t\t\t<p data-start=\"348\" data-end=\"613\">Avec l&rsquo;\u00e9mergence de certains services en 2025, de nombreux amateurs ont commenc\u00e9 \u00e0 cr\u00e9er rapidement des \u00ab agences num\u00e9riques \u00bb. Bien que les syst\u00e8mes cr\u00e9\u00e9s sans connaissances en programmation, en regardant de courtes vid\u00e9os, semblent fonctionner au d\u00e9but, ils peuvent rapidement causer de s\u00e9rieux probl\u00e8mes. <\/p><p data-start=\"615\" data-end=\"649\">Ce type de solutions peut entra\u00eener pour les entreprises :<\/p><ul data-start=\"650\" data-end=\"803\"><li data-start=\"650\" data-end=\"674\"><p data-start=\"652\" data-end=\"674\"><strong data-start=\"652\" data-end=\"671\">Une perte de clients<\/strong>,<\/p><\/li><li data-start=\"675\" data-end=\"706\"><p data-start=\"677\" data-end=\"706\"><strong data-start=\"677\" data-end=\"703\">Des perturbations op\u00e9rationnelles<\/strong>,<\/p><\/li><li data-start=\"707\" data-end=\"752\"><p data-start=\"709\" data-end=\"752\"><strong data-start=\"709\" data-end=\"749\">Une atteinte \u00e0 la cr\u00e9dibilit\u00e9 de la marque<\/strong>,<\/p><\/li><li data-start=\"753\" data-end=\"803\"><p data-start=\"755\" data-end=\"803\"><strong data-start=\"755\" data-end=\"785\">Des probl\u00e8mes juridiques et techniques<\/strong>.<\/p><\/li><\/ul><p data-start=\"805\" data-end=\"930\">En d&rsquo;autres termes, les syst\u00e8mes mal con\u00e7us pr\u00e9sentent <strong data-start=\"844\" data-end=\"919\">des risques qui peuvent perturber les activit\u00e9s des entreprises et entraver leur croissance<\/strong>.<\/p><p data-start=\"932\" data-end=\"942\">Quant \u00e0 nous :<\/p><ul data-start=\"943\" data-end=\"1173\"><li data-start=\"943\" data-end=\"976\"><p data-start=\"945\" data-end=\"976\"><strong data-start=\"945\" data-end=\"973\">25 ans d&rsquo;expertise sectorielle<\/strong>,<\/p><\/li><li data-start=\"977\" data-end=\"1017\"><p data-start=\"979\" data-end=\"1017\"><strong data-start=\"979\" data-end=\"1014\">Plus de 10 ans d&rsquo;exp\u00e9rience en d\u00e9veloppement logiciel<\/strong>,<\/p><\/li><li data-start=\"1018\" data-end=\"1173\"><p data-start=\"1020\" data-end=\"1173\"><strong data-start=\"1020\" data-end=\"1062\">Une infrastructure juridique et une exp\u00e9rience en r\u00e9solution de probl\u00e8mes<\/strong>,<br data-start=\"1067\" data-end=\"1070\">nous vous offrons non seulement un syst\u00e8me fonctionnel, mais aussi <strong data-start=\"1110\" data-end=\"1160\">des solutions s\u00e9curis\u00e9es et \u00e9volutives sur le long terme<\/strong>.<\/p><\/li><\/ul>\t\t\t\t\t\t\t\t<\/div>\n\t\t\t\t\t<\/div>\n\t\t<\/div>\n\t\t\t\t\t<\/div>\n\t\t<\/section>\n\t\t\t\t<section class=\"elementor-section elementor-top-section elementor-element elementor-element-6e0153a6 elementor-section-boxed elementor-section-height-default elementor-section-height-default\" data-id=\"6e0153a6\" data-element_type=\"section\">\n\t\t\t\t\t\t<div class=\"elementor-container elementor-column-gap-default\">\n\t\t\t\t\t<div class=\"elementor-column elementor-col-50 elementor-top-column elementor-element elementor-element-3f2d5799\" data-id=\"3f2d5799\" data-element_type=\"column\">\n\t\t\t<div class=\"elementor-widget-wrap elementor-element-populated\">\n\t\t\t\t\t\t<div class=\"elementor-element elementor-element-61bbea8 elementor-widget elementor-widget-heading\" data-id=\"61bbea8\" data-element_type=\"widget\" data-widget_type=\"heading.default\">\n\t\t\t\t\t<h2 class=\"elementor-heading-title elementor-size-default\">Notre philosophie de travail<\/h2>\t\t\t\t<\/div>\n\t\t\t\t<div class=\"elementor-element elementor-element-2ebf32c8 elementor-widget elementor-widget-text-editor\" data-id=\"2ebf32c8\" data-element_type=\"widget\" data-widget_type=\"text-editor.default\">\n\t\t\t\t\t\t\t\t\t<p data-start=\"1942\" data-end=\"2150\">Dans le monde num\u00e9rique, tout est interconnect\u00e9. Lorsque vous achetez une maison, les services comme l&rsquo;\u00e9lectricit\u00e9, l&rsquo;eau et Internet proviennent de sources diff\u00e9rentes. M\u00eame si tout fonctionne, un probl\u00e8me chez votre voisin peut parfois vous affecter.  <\/p><p data-start=\"2152\" data-end=\"2381\">Nous livrons nos services en \u00e9tat de fonctionnement, mais comme la technologie \u00e9volue constamment, des mises \u00e0 jour et des am\u00e9liorations seront n\u00e9cessaires en cours de route. Dans ce processus, nous visons une croissance \u00e0 long terme avec des <strong data-start=\"2316\" data-end=\"2340\">clients compr\u00e9hensifs<\/strong>. <\/p>\t\t\t\t\t\t\t\t<\/div>\n\t\t\t\t\t<\/div>\n\t\t<\/div>\n\t\t\t\t<div class=\"elementor-column elementor-col-50 elementor-top-column elementor-element elementor-element-59ef88\" data-id=\"59ef88\" data-element_type=\"column\">\n\t\t\t<div class=\"elementor-widget-wrap elementor-element-populated\">\n\t\t\t\t\t\t<section class=\"elementor-section elementor-inner-section elementor-element elementor-element-279c30be elementor-section-boxed elementor-section-height-default elementor-section-height-default\" data-id=\"279c30be\" data-element_type=\"section\">\n\t\t\t\t\t\t<div class=\"elementor-container elementor-column-gap-default\">\n\t\t\t\t\t<div class=\"elementor-column elementor-col-50 elementor-inner-column elementor-element elementor-element-6e7aff68\" data-id=\"6e7aff68\" data-element_type=\"column\">\n\t\t\t<div class=\"elementor-widget-wrap elementor-element-populated\">\n\t\t\t\t\t\t<div class=\"elementor-element elementor-element-3a08a8b0 ekit-equal-height-enable elementor-widget elementor-widget-elementskit-icon-box\" data-id=\"3a08a8b0\" data-element_type=\"widget\" data-widget_type=\"elementskit-icon-box.default\">\n\t\t\t\t\t<div class=\"ekit-wid-con\" >        <!-- link opening -->\n                <!-- end link opening -->\n\n        <div class=\"elementskit-infobox text-center text- icon-top-align elementor-animation-   \">\n                    <div class=\"elementskit-box-header elementor-animation-\">\n                <div class=\"elementskit-info-box-icon  \">\n                    <i aria-hidden=\"true\" class=\"elementkit-infobox-icon icon icon-alarm-clock\"><\/i>\n                <\/div>\n          <\/div>\n                        <div class=\"box-body\">\n                            <h3 class=\"elementskit-info-box-title\">\n                    Rapidit\u00e9                <\/h3>\n                        \t\t  \t<p>Nous mettons en \u0153uvre nos solutions dans les plus brefs d\u00e9lais.<\/p>\n                                <\/div>\n        \n        \n                <\/div>\n        <\/div>\t\t\t\t<\/div>\n\t\t\t\t\t<\/div>\n\t\t<\/div>\n\t\t\t\t<div class=\"elementor-column elementor-col-50 elementor-inner-column elementor-element elementor-element-65e509f7\" data-id=\"65e509f7\" data-element_type=\"column\">\n\t\t\t<div class=\"elementor-widget-wrap elementor-element-populated\">\n\t\t\t\t\t\t<div class=\"elementor-element elementor-element-647906bd ekit-equal-height-enable elementor-widget elementor-widget-elementskit-icon-box\" data-id=\"647906bd\" data-element_type=\"widget\" data-widget_type=\"elementskit-icon-box.default\">\n\t\t\t\t\t<div class=\"ekit-wid-con\" >        <!-- link opening -->\n                <!-- end link opening -->\n\n        <div class=\"elementskit-infobox text-center text- icon-top-align elementor-animation-   \">\n                    <div class=\"elementskit-box-header elementor-animation-\">\n                <div class=\"elementskit-info-box-icon  \">\n                    <i aria-hidden=\"true\" class=\"elementkit-infobox-icon icon icon-hand_shake\"><\/i>\n                <\/div>\n          <\/div>\n                        <div class=\"box-body\">\n                            <h3 class=\"elementskit-info-box-title\">\n                    Transparence                <\/h3>\n                        \t\t  \t<p>Nous g\u00e9rons nos processus de mani\u00e8re claire, compr\u00e9hensible et fiable.<\/p>\n                                <\/div>\n        \n        \n                <\/div>\n        <\/div>\t\t\t\t<\/div>\n\t\t\t\t\t<\/div>\n\t\t<\/div>\n\t\t\t\t\t<\/div>\n\t\t<\/section>\n\t\t\t\t<section class=\"elementor-section elementor-inner-section elementor-element elementor-element-5e4f4829 elementor-section-boxed elementor-section-height-default elementor-section-height-default\" data-id=\"5e4f4829\" data-element_type=\"section\">\n\t\t\t\t\t\t<div class=\"elementor-container elementor-column-gap-default\">\n\t\t\t\t\t<div class=\"elementor-column elementor-col-50 elementor-inner-column elementor-element elementor-element-5ca0c029\" data-id=\"5ca0c029\" data-element_type=\"column\">\n\t\t\t<div class=\"elementor-widget-wrap elementor-element-populated\">\n\t\t\t\t\t\t<div class=\"elementor-element elementor-element-6e5d6633 ekit-equal-height-enable elementor-widget elementor-widget-elementskit-icon-box\" data-id=\"6e5d6633\" data-element_type=\"widget\" data-widget_type=\"elementskit-icon-box.default\">\n\t\t\t\t\t<div class=\"ekit-wid-con\" >        <!-- link opening -->\n                <!-- end link opening -->\n\n        <div class=\"elementskit-infobox text-center text- icon-top-align elementor-animation-   \">\n                    <div class=\"elementskit-box-header elementor-animation-\">\n                <div class=\"elementskit-info-box-icon  \">\n                    <i aria-hidden=\"true\" class=\"elementkit-infobox-icon icon icon-team\"><\/i>\n                <\/div>\n          <\/div>\n                        <div class=\"box-body\">\n                            <h3 class=\"elementskit-info-box-title\">\n                    Satisfaction client                <\/h3>\n                        \t\t  \t<p>Nous d\u00e9veloppons des solutions durables adapt\u00e9es \u00e0 vos besoins.<\/p>\n                                <\/div>\n        \n        \n                <\/div>\n        <\/div>\t\t\t\t<\/div>\n\t\t\t\t\t<\/div>\n\t\t<\/div>\n\t\t\t\t<div class=\"elementor-column elementor-col-50 elementor-inner-column elementor-element elementor-element-1eb62336\" data-id=\"1eb62336\" data-element_type=\"column\">\n\t\t\t<div class=\"elementor-widget-wrap elementor-element-populated\">\n\t\t\t\t\t\t<div class=\"elementor-element elementor-element-a9da71f ekit-equal-height-enable elementor-widget elementor-widget-elementskit-icon-box\" data-id=\"a9da71f\" data-element_type=\"widget\" data-widget_type=\"elementskit-icon-box.default\">\n\t\t\t\t\t<div class=\"ekit-wid-con\" >        <!-- link opening -->\n                <!-- end link opening -->\n\n        <div class=\"elementskit-infobox text-center text- icon-top-align elementor-animation-   \">\n                    <div class=\"elementskit-box-header elementor-animation-\">\n                <div class=\"elementskit-info-box-icon  \">\n                    <i aria-hidden=\"true\" class=\"elementkit-infobox-icon icon icon-light-bulb-1\"><\/i>\n                <\/div>\n          <\/div>\n                        <div class=\"box-body\">\n                            <h3 class=\"elementskit-info-box-title\">\n                    Innovation                <\/h3>\n                        \t\t  \t<p>Nous suivons de pr\u00e8s la technologie et int\u00e9grons les derni\u00e8res avanc\u00e9es dans nos services.<\/p>\n                                <\/div>\n        \n        \n                <\/div>\n        <\/div>\t\t\t\t<\/div>\n\t\t\t\t\t<\/div>\n\t\t<\/div>\n\t\t\t\t\t<\/div>\n\t\t<\/section>\n\t\t\t\t\t<\/div>\n\t\t<\/div>\n\t\t\t\t\t<\/div>\n\t\t<\/section>\n\t\t\t\t<\/div>\n\t\t","protected":false},"excerpt":{"rendered":"<p>Qui sommes-nous ? Notre histoire en bref Notre voyage, qui a commenc\u00e9 dans le secteur du tourisme en 1999, s&rsquo;est poursuivi dans le secteur du logiciel \u00e0 partir de 2015. Aujourd&rsquo;hui, nous op\u00e9rons avec nos entreprises dans 4 pays diff\u00e9rents. Bien qu&rsquo;il y ait eu certaines limitations dans les ann\u00e9es o\u00f9 les technologies d&rsquo;intelligence artificielle [&hellip;]<\/p>\n","protected":false},"author":2,"featured_media":0,"parent":0,"menu_order":0,"comment_status":"closed","ping_status":"closed","template":"","meta":{"footnotes":""},"class_list":["post-920","page","type-page","status-publish","hentry"],"_links":{"self":[{"href":"https:\/\/fluxagence.com\/fr\/wp-json\/wp\/v2\/pages\/920","targetHints":{"allow":["GET"]}}],"collection":[{"href":"https:\/\/fluxagence.com\/fr\/wp-json\/wp\/v2\/pages"}],"about":[{"href":"https:\/\/fluxagence.com\/fr\/wp-json\/wp\/v2\/types\/page"}],"author":[{"embeddable":true,"href":"https:\/\/fluxagence.com\/fr\/wp-json\/wp\/v2\/users\/2"}],"replies":[{"embeddable":true,"href":"https:\/\/fluxagence.com\/fr\/wp-json\/wp\/v2\/comments?post=920"}],"version-history":[{"count":1,"href":"https:\/\/fluxagence.com\/fr\/wp-json\/wp\/v2\/pages\/920\/revisions"}],"predecessor-version":[{"id":921,"href":"https:\/\/fluxagence.com\/fr\/wp-json\/wp\/v2\/pages\/920\/revisions\/921"}],"wp:attachment":[{"href":"https:\/\/fluxagence.com\/fr\/wp-json\/wp\/v2\/media?parent=920"}],"curies":[{"name":"wp","href":"https:\/\/api.w.org\/{rel}","templated":true}]}}