{"id":621,"date":"2025-07-31T16:39:50","date_gmt":"2025-07-31T16:39:50","guid":{"rendered":"https:\/\/fluxagence.com\/contact-us-fr\/"},"modified":"2025-08-02T15:05:47","modified_gmt":"2025-08-02T15:05:47","slug":"contact-us-fr","status":"publish","type":"page","link":"https:\/\/fluxagence.com\/fr\/contact-us-fr\/","title":{"rendered":"Contact"},"content":{"rendered":"\t\t<div data-elementor-type=\"wp-page\" data-elementor-id=\"621\" class=\"elementor elementor-621 elementor-165\">\n\t\t\t\t\t\t<section class=\"elementor-section elementor-top-section elementor-element elementor-element-377c2603 elementor-reverse-mobile elementor-section-boxed elementor-section-height-default elementor-section-height-default\" data-id=\"377c2603\" data-element_type=\"section\" data-settings=\"{&quot;background_background&quot;:&quot;gradient&quot;}\">\n\t\t\t\t\t\t<div class=\"elementor-container elementor-column-gap-default\">\n\t\t\t\t\t<div class=\"elementor-column elementor-col-50 elementor-top-column elementor-element elementor-element-4f859dc9\" data-id=\"4f859dc9\" data-element_type=\"column\">\n\t\t\t<div class=\"elementor-widget-wrap elementor-element-populated\">\n\t\t\t\t\t\t<div class=\"elementor-element elementor-element-7a24882a elementor-widget elementor-widget-heading\" data-id=\"7a24882a\" data-element_type=\"widget\" data-widget_type=\"heading.default\">\n\t\t\t\t\t<h1 class=\"elementor-heading-title elementor-size-default\">Commen\u00e7ons le projet<\/h1>\t\t\t\t<\/div>\n\t\t\t\t<div class=\"elementor-element elementor-element-79e29360 elementor-widget elementor-widget-text-editor\" data-id=\"79e29360\" data-element_type=\"widget\" data-widget_type=\"text-editor.default\">\n\t\t\t\t\t\t\t\t\t<p>Faites le premier pas, nous planifierons la suite. Il suffit de remplir le formulaire pour une r\u00e9union gratuite.<\/p>\t\t\t\t\t\t\t\t<\/div>\n\t\t\t\t\t<\/div>\n\t\t<\/div>\n\t\t\t\t<div class=\"elementor-column elementor-col-50 elementor-top-column elementor-element elementor-element-3fe0745c\" data-id=\"3fe0745c\" data-element_type=\"column\">\n\t\t\t<div class=\"elementor-widget-wrap elementor-element-populated\">\n\t\t\t\t\t\t<div class=\"elementor-element elementor-element-4972c428 elementor-widget elementor-widget-image\" data-id=\"4972c428\" data-element_type=\"widget\" data-widget_type=\"image.default\">\n\t\t\t\t\t\t\t\t\t\t\t\t\t\t\t<img fetchpriority=\"high\" decoding=\"async\" width=\"1520\" height=\"1180\" src=\"https:\/\/fluxagence.com\/wp-content\/uploads\/2025\/07\/Postpaid-1.png\" class=\"attachment-full size-full wp-image-521\" alt=\"\" srcset=\"https:\/\/fluxagence.com\/wp-content\/uploads\/2025\/07\/Postpaid-1.png 1520w, https:\/\/fluxagence.com\/wp-content\/uploads\/2025\/07\/Postpaid-1-300x233.png 300w, https:\/\/fluxagence.com\/wp-content\/uploads\/2025\/07\/Postpaid-1-1024x795.png 1024w, https:\/\/fluxagence.com\/wp-content\/uploads\/2025\/07\/Postpaid-1-768x596.png 768w\" sizes=\"(max-width: 1520px) 100vw, 1520px\" \/>\t\t\t\t\t\t\t\t\t\t\t\t\t\t\t<\/div>\n\t\t\t\t\t<\/div>\n\t\t<\/div>\n\t\t\t\t\t<\/div>\n\t\t<\/section>\n\t\t\t\t<section class=\"elementor-section elementor-top-section elementor-element elementor-element-56e1e07a elementor-section-boxed elementor-section-height-default elementor-section-height-default\" data-id=\"56e1e07a\" data-element_type=\"section\">\n\t\t\t\t\t\t<div class=\"elementor-container elementor-column-gap-default\">\n\t\t\t\t\t<div class=\"elementor-column elementor-col-25 elementor-top-column elementor-element elementor-element-3892b69f\" data-id=\"3892b69f\" data-element_type=\"column\" data-settings=\"{&quot;background_background&quot;:&quot;classic&quot;}\">\n\t\t\t<div class=\"elementor-widget-wrap elementor-element-populated\">\n\t\t\t\t\t\t<div class=\"elementor-element elementor-element-6c0de313 ekit-equal-height-enable elementor-widget elementor-widget-elementskit-icon-box\" data-id=\"6c0de313\" data-element_type=\"widget\" data-widget_type=\"elementskit-icon-box.default\">\n\t\t\t\t\t<div class=\"ekit-wid-con\" >        <!-- link opening -->\n                <!-- end link opening -->\n\n        <div class=\"elementskit-infobox text-center text- icon-top-align elementor-animation-   \">\n                            <div class=\"elementskit-box-header\">\n                <div class=\"elementskit-info-box-icon \">\n                    <img decoding=\"async\" width=\"500\" height=\"500\" src=\"https:\/\/fluxagence.com\/wp-content\/uploads\/2025\/07\/email-1.png\" class=\"attachment- size-\" alt=\"\" srcset=\"https:\/\/fluxagence.com\/wp-content\/uploads\/2025\/07\/email-1.png 500w, https:\/\/fluxagence.com\/wp-content\/uploads\/2025\/07\/email-1-300x300.png 300w, https:\/\/fluxagence.com\/wp-content\/uploads\/2025\/07\/email-1-150x150.png 150w\" sizes=\"(max-width: 500px) 100vw, 500px\" \/>                <\/div>\n          <\/div>\n                <div class=\"box-body\">\n                                                    <div class=\"box-footer disable_hover_button\">\n                    <div class=\"btn-wraper\">\n                                                            <a class=\"elementskit-btn whitespace--normal\" href=\"https:\/\/flow.bymsa.org\/form\/5e633a88-c98a-463d-99f4-67e314f84a4a\" target=\"_blank\">\n                                        Cliquez ici pour remplir le formulaire de r\u00e9union maintenant.                                    <\/a>\n                                                        <\/div>\n                <\/div>\n                    <\/div>\n        \n        \n                <\/div>\n        <\/div>\t\t\t\t<\/div>\n\t\t\t\t\t<\/div>\n\t\t<\/div>\n\t\t\t\t<div class=\"elementor-column elementor-col-25 elementor-top-column elementor-element elementor-element-318990c2\" data-id=\"318990c2\" data-element_type=\"column\" data-settings=\"{&quot;background_background&quot;:&quot;classic&quot;}\">\n\t\t\t<div class=\"elementor-widget-wrap elementor-element-populated\">\n\t\t\t\t\t\t<div class=\"elementor-element elementor-element-31b72493 ekit-equal-height-enable elementor-widget elementor-widget-elementskit-icon-box\" data-id=\"31b72493\" data-element_type=\"widget\" data-widget_type=\"elementskit-icon-box.default\">\n\t\t\t\t\t<div class=\"ekit-wid-con\" >        <!-- link opening -->\n                <a href=\"#\" class=\"ekit_global_links\">\n                <!-- end link opening -->\n\n        <div class=\"elementskit-infobox text-center text- icon-top-align elementor-animation-   \">\n                            <div class=\"elementskit-box-header\">\n                <div class=\"elementskit-info-box-icon \">\n                    <img decoding=\"async\" width=\"500\" height=\"500\" src=\"https:\/\/fluxagence.com\/wp-content\/uploads\/2025\/07\/maps-1.png\" class=\"attachment- size-\" alt=\"\" srcset=\"https:\/\/fluxagence.com\/wp-content\/uploads\/2025\/07\/maps-1.png 500w, https:\/\/fluxagence.com\/wp-content\/uploads\/2025\/07\/maps-1-300x300.png 300w, https:\/\/fluxagence.com\/wp-content\/uploads\/2025\/07\/maps-1-150x150.png 150w\" sizes=\"(max-width: 500px) 100vw, 500px\" \/>                <\/div>\n          <\/div>\n                <div class=\"box-body\">\n                            <h3 class=\"elementskit-info-box-title\">\n                    Chisinau, MD                <\/h3>\n                                            <\/div>\n        \n        \n                <\/div>\n                <\/a>\n        <\/div>\t\t\t\t<\/div>\n\t\t\t\t\t<\/div>\n\t\t<\/div>\n\t\t\t\t<div class=\"elementor-column elementor-col-25 elementor-top-column elementor-element elementor-element-dc66df7\" data-id=\"dc66df7\" data-element_type=\"column\" data-settings=\"{&quot;background_background&quot;:&quot;classic&quot;}\">\n\t\t\t<div class=\"elementor-widget-wrap elementor-element-populated\">\n\t\t\t\t\t\t<div class=\"elementor-element elementor-element-6824de8 ekit-equal-height-enable elementor-widget elementor-widget-elementskit-icon-box\" data-id=\"6824de8\" data-element_type=\"widget\" data-widget_type=\"elementskit-icon-box.default\">\n\t\t\t\t\t<div class=\"ekit-wid-con\" >        <!-- link opening -->\n                <a href=\"#\" class=\"ekit_global_links\">\n                <!-- end link opening -->\n\n        <div class=\"elementskit-infobox text-center text- icon-top-align elementor-animation-   \">\n                            <div class=\"elementskit-box-header\">\n                <div class=\"elementskit-info-box-icon \">\n                    <img decoding=\"async\" width=\"500\" height=\"500\" src=\"https:\/\/fluxagence.com\/wp-content\/uploads\/2025\/07\/maps-1.png\" class=\"attachment- size-\" alt=\"\" srcset=\"https:\/\/fluxagence.com\/wp-content\/uploads\/2025\/07\/maps-1.png 500w, https:\/\/fluxagence.com\/wp-content\/uploads\/2025\/07\/maps-1-300x300.png 300w, https:\/\/fluxagence.com\/wp-content\/uploads\/2025\/07\/maps-1-150x150.png 150w\" sizes=\"(max-width: 500px) 100vw, 500px\" \/>                <\/div>\n          <\/div>\n                <div class=\"box-body\">\n                            <h3 class=\"elementskit-info-box-title\">\n                    Eski\u015fehir, TR                <\/h3>\n                                            <\/div>\n        \n        \n                <\/div>\n                <\/a>\n        <\/div>\t\t\t\t<\/div>\n\t\t\t\t\t<\/div>\n\t\t<\/div>\n\t\t\t\t<div class=\"elementor-column elementor-col-25 elementor-top-column elementor-element elementor-element-6a2fce1\" data-id=\"6a2fce1\" data-element_type=\"column\" data-settings=\"{&quot;background_background&quot;:&quot;classic&quot;}\">\n\t\t\t<div class=\"elementor-widget-wrap elementor-element-populated\">\n\t\t\t\t\t\t<div class=\"elementor-element elementor-element-75716520 ekit-equal-height-enable elementor-widget elementor-widget-elementskit-icon-box\" data-id=\"75716520\" data-element_type=\"widget\" data-widget_type=\"elementskit-icon-box.default\">\n\t\t\t\t\t<div class=\"ekit-wid-con\" >        <!-- link opening -->\n                <!-- end link opening -->\n\n        <div class=\"elementskit-infobox text-center text- icon-top-align elementor-animation-   \">\n                            <div class=\"elementskit-box-header\">\n                <div class=\"elementskit-info-box-icon \">\n                    <img loading=\"lazy\" decoding=\"async\" width=\"500\" height=\"500\" src=\"https:\/\/fluxagence.com\/wp-content\/uploads\/2025\/07\/phone-1.png\" class=\"attachment- size-\" alt=\"\" srcset=\"https:\/\/fluxagence.com\/wp-content\/uploads\/2025\/07\/phone-1.png 500w, https:\/\/fluxagence.com\/wp-content\/uploads\/2025\/07\/phone-1-300x300.png 300w, https:\/\/fluxagence.com\/wp-content\/uploads\/2025\/07\/phone-1-150x150.png 150w\" sizes=\"(max-width: 500px) 100vw, 500px\" \/>                <\/div>\n          <\/div>\n                <div class=\"box-body\">\n                                                    <div class=\"box-footer disable_hover_button\">\n                    <div class=\"btn-wraper\">\n                                                            <a class=\"elementskit-btn whitespace--normal\" href=\"https:\/\/wa.me\/37360539101\">\n                                                                                +373 605 39 101                                    <\/a>\n                                                        <\/div>\n                <\/div>\n                    <\/div>\n        \n        \n                <\/div>\n        <\/div>\t\t\t\t<\/div>\n\t\t\t\t\t<\/div>\n\t\t<\/div>\n\t\t\t\t\t<\/div>\n\t\t<\/section>\n\t\t\t\t<\/div>\n\t\t","protected":false},"excerpt":{"rendered":"<p>Commen\u00e7ons le projet Faites le premier pas, nous planifierons la suite. Il suffit de remplir le formulaire pour une r\u00e9union gratuite. Cliquez ici pour remplir le formulaire de r\u00e9union maintenant. Chisinau, MD Eski\u015fehir, TR +373 605 39 101<\/p>\n","protected":false},"author":2,"featured_media":0,"parent":0,"menu_order":0,"comment_status":"closed","ping_status":"closed","template":"","meta":{"footnotes":""},"class_list":["post-621","page","type-page","status-publish","hentry"],"_links":{"self":[{"href":"https:\/\/fluxagence.com\/fr\/wp-json\/wp\/v2\/pages\/621","targetHints":{"allow":["GET"]}}],"collection":[{"href":"https:\/\/fluxagence.com\/fr\/wp-json\/wp\/v2\/pages"}],"about":[{"href":"https:\/\/fluxagence.com\/fr\/wp-json\/wp\/v2\/types\/page"}],"author":[{"embeddable":true,"href":"https:\/\/fluxagence.com\/fr\/wp-json\/wp\/v2\/users\/2"}],"replies":[{"embeddable":true,"href":"https:\/\/fluxagence.com\/fr\/wp-json\/wp\/v2\/comments?post=621"}],"version-history":[{"count":5,"href":"https:\/\/fluxagence.com\/fr\/wp-json\/wp\/v2\/pages\/621\/revisions"}],"predecessor-version":[{"id":721,"href":"https:\/\/fluxagence.com\/fr\/wp-json\/wp\/v2\/pages\/621\/revisions\/721"}],"wp:attachment":[{"href":"https:\/\/fluxagence.com\/fr\/wp-json\/wp\/v2\/media?parent=621"}],"curies":[{"name":"wp","href":"https:\/\/api.w.org\/{rel}","templated":true}]}}